{"id":1002897,"date":"2022-02-24T10:47:55","date_gmt":"2022-02-24T07:47:55","guid":{"rendered":"http:\/\/localhost\/jeruzbitone.com\/?page_id=1002578"},"modified":"2026-02-03T16:46:44","modified_gmt":"2026-02-03T13:46:44","slug":"impressum","status":"publish","type":"page","link":"https:\/\/jeruzbitone.com\/de\/impressum\/","title":{"rendered":"Impressum"},"content":{"rendered":"\n<h4 class=\"wp-block-heading\">Anbieter dieser Website: <\/h4>\n\n\n\n<p>Jeruz Bitone Adventures LTD<\/p>\n\n\n\n<div style=\"height:40px\" aria-hidden=\"true\" class=\"wp-block-spacer\"><\/div>\n\n\n\n<h4 class=\"wp-block-heading\">Jeruz Bitone Adventures Ltd.<\/h4>\n\n\n\n<p>Grundst\u00fcck 815 Lumuli,<br>Seeta, Uganda<br>Telefon:  +49 (0) 1772804024 \/+256 756658286<br>info@jeruzbitone.com<\/p>\n\n\n\n<div style=\"height:40px\" aria-hidden=\"true\" class=\"wp-block-spacer\"><\/div>\n\n\n\n<h4 class=\"wp-block-heading\">Verantwortlich gem\u00e4\u00df Ugandan Act cap 101:<\/h4>\n\n\n\n<p>Galiwango ab Instrument <strong>106-6 2011, 101 &#8211; 31.12.1969<\/strong> gem\u00e4\u00df den ugandischen Unternehmensregulierungsgesetzen.<\/p>\n\n\n\n<p><\/p>\n\n\n\n<p>Bezirksgericht und Gemeinde: Klasse 1<br>Umsatzsteuer-ID-Nr. 1020299595<br>Lizenznummer. GLBLR22000005805<br>Urheberrecht: \u00a9 Jeruz Bitone Adventures LTD<\/p>\n\n\n\n<div style=\"height:40px\" aria-hidden=\"true\" class=\"wp-block-spacer\"><\/div>\n\n\n\n<h4 class=\"wp-block-heading\">Firmenslogans:<\/h4>\n\n\n\n<ul class=\"wp-block-list\">\n<li>Freude in jeder Reise<\/li>\n\n\n\n<li>Zukunft schaffen durch Bewahren der Vergangenheit<\/li>\n<\/ul>\n\n\n\n<div style=\"height:40px\" aria-hidden=\"true\" class=\"wp-block-spacer\"><\/div>\n\n\n\n<h4 class=\"wp-block-heading\">Urheberrechte \u00a9<\/h4>\n\n\n\n<p>Jeruz Bitone Adventures LTD besitzt das Copyright \u00a9 f\u00fcr das gesamte Webdesign, alle Grafiken und Layouts, Texte und Bilder.<\/p>\n\n\n\n<p>Alle Rechte f\u00fcr Inhalt und Design liegen bei Jeruz Bitone Adventures LTD.<\/p>\n\n\n\n<p> Das vollst\u00e4ndige oder teilweise Reproduzieren, Verbreiten, \u00dcbermitteln (elektronisch oder auf andere Weise), Modifizieren oder Benutzen unserer Internet-Informationen f\u00fcr \u00f6ffentliche oder kommerzielle Zwecke ist ohne unsere vorherige schriftliche Zustimmung untersagt. Alle anderen auf dieser Website zitierten Warenzeichen, Produktmarken und Firmennamen oder Logos sind das alleinige Eigentum ihrer jeweiligen Besitzer.<\/p>\n\n\n\n<p>Einige Bilder werden mit Genehmigung von Tourismusverb\u00e4nden, Lodges, Camps, Hotels und anderen Foto-Websites und -Gesch\u00e4ften wie Adobe Stock usw. verwendet.<\/p>\n\n\n\n<p>Elemente des Bildmaterials, das Jeruz Bitone Adventures geh\u00f6rt, und andere Fotos, die von den Eigent\u00fcmern f\u00fcr die offizielle Verwendung genehmigt wurden.<\/p>\n\n\n\n<p>Alle Rechte vorbehalten.<\/p>\n\n\n\n<p> Das Impressum gilt auch f\u00fcr folgende Social-Media-Profile:<\/p>\n\n\n\n<p><a rel=\"noreferrer noopener\" href=\"https:\/\/www.facebook.com\/Jeruz-Bitone-Adventures-110622981518820\" target=\"_blank\">Facebook<\/a> , <a rel=\"noreferrer noopener\" href=\"https:\/\/www.instagram.com\/jeruz_adventures\/\" target=\"_blank\">Instagram<\/a> , <a href=\"https:\/\/www.twitter.com\/jeruzadventures\/\" target=\"_blank\" rel=\"noreferrer noopener\">Twitter<\/a> , Youtube<\/p>\n","protected":false},"excerpt":{"rendered":"<p>Anbieter dieser Website: Jeruz Bitone Adventures LTD Jeruz Bitone Adventures Ltd. Grundst\u00fcck 815 Lumuli,Seeta, UgandaTelefon: +49 (0) 1772804024 \/+256 756658286info@jeruzbitone.com Verantwortlich gem\u00e4\u00df Ugandan Act cap 101: Galiwango ab Instrument 106-6 2011, 101 &#8211; 31.12.1969 gem\u00e4\u00df den ugandischen Unternehmensregulierungsgesetzen. Bezirksgericht und Gemeinde: Klasse 1Umsatzsteuer-ID-Nr. 1020299595Lizenznummer. GLBLR22000005805Urheberrecht: \u00a9 Jeruz Bitone Adventures LTD Firmenslogans: Urheberrechte \u00a9 Jeruz Bitone [&hellip;]<\/p>\n","protected":false},"author":1,"featured_media":1003146,"parent":0,"menu_order":0,"comment_status":"closed","ping_status":"closed","template":"","meta":{"_joinchat":[],"footnotes":""},"class_list":["post-1002897","page","type-page","status-publish","has-post-thumbnail","hentry"],"_links":{"self":[{"href":"https:\/\/jeruzbitone.com\/de\/wp-json\/wp\/v2\/pages\/1002897","targetHints":{"allow":["GET"]}}],"collection":[{"href":"https:\/\/jeruzbitone.com\/de\/wp-json\/wp\/v2\/pages"}],"about":[{"href":"https:\/\/jeruzbitone.com\/de\/wp-json\/wp\/v2\/types\/page"}],"author":[{"embeddable":true,"href":"https:\/\/jeruzbitone.com\/de\/wp-json\/wp\/v2\/users\/1"}],"replies":[{"embeddable":true,"href":"https:\/\/jeruzbitone.com\/de\/wp-json\/wp\/v2\/comments?post=1002897"}],"version-history":[{"count":2,"href":"https:\/\/jeruzbitone.com\/de\/wp-json\/wp\/v2\/pages\/1002897\/revisions"}],"predecessor-version":[{"id":1005669,"href":"https:\/\/jeruzbitone.com\/de\/wp-json\/wp\/v2\/pages\/1002897\/revisions\/1005669"}],"wp:featuredmedia":[{"embeddable":true,"href":"https:\/\/jeruzbitone.com\/de\/wp-json\/wp\/v2\/media\/1003146"}],"wp:attachment":[{"href":"https:\/\/jeruzbitone.com\/de\/wp-json\/wp\/v2\/media?parent=1002897"}],"curies":[{"name":"wp","href":"https:\/\/api.w.org\/{rel}","templated":true}]}}