{"id":1002926,"date":"2021-05-31T15:23:13","date_gmt":"2021-05-31T12:23:13","guid":{"rendered":"https:\/\/kamperen.qodeinteractive.com\/?page_id=3"},"modified":"2025-12-30T15:06:51","modified_gmt":"2025-12-30T12:06:51","slug":"datenschutz","status":"publish","type":"page","link":"https:\/\/jeruzbitone.com\/de\/datenschutz\/","title":{"rendered":"Datenschutzrichtlinie"},"content":{"rendered":"\n<p>Jeruz Bitone Adventures Ltd. (\u201cJeruz\u201d) operates jeruzbitone.com and may operate other websites. It is Jeruz\u2019s policy to respect your privacy regarding any information we may collect while operating our websites.<\/p>\n\n<div style=\"height:40px\" aria-hidden=\"true\" class=\"wp-block-spacer\"><\/div>\n\n<h4 class=\"wp-block-heading\">Website Visitors<\/h4>\n\n<p>Like most website operators, Jeruz collects non-personally identifiable information of the sort that web browsers and servers typically make available, such as the browser type, language preference, referring site, and the date and time of each visitor request. Jeruz\u2019s purpose in collecting non-personally identifying information is to better understand how Jeruz\u2019s visitors use its website. From time to time, Jeruz may release non-personally identifiable information in the aggregate, e.g., by publishing a report on trends in the usage of its website.<\/p>\n\n<p>Jeruz also collects potentially personally identifiable information like Internet Protocol (IP) addresses for logged-in users and for users leaving comments on jeruzbitone.com. Jeruz only discloses logged-in user and commenter IP addresses under the same circumstances that it uses and discloses personally identifiable information as described below, except that commenter IP addresses and email addresses are visible and disclosed to the administrators of the website where the comment was left.<\/p>\n\n<div style=\"height:40px\" aria-hidden=\"true\" class=\"wp-block-spacer\"><\/div>\n\n<h4 class=\"wp-block-heading\">Gathering of Personally Identifiable Information<\/h4>\n\n<p>Certain visitors to Jeruz\u2019s websites choose to interact with GLS in ways that require Jeruz to gather personally identifiable information. The amount and type of information that Jeruz gathers depends on the nature of the interaction. For example, we ask visitors who sign up at jeruzbitone.com to provide a username and email address. Those who engage in transactions with Jeruz are asked to provide additional information, including as necessary the personal and financial information required to process those transactions. In each case, Jeruz collects such information only insofar as is necessary or appropriate to fulfill the purpose of the visitor\u2019s interaction with Jeruz. Jeruz does not disclose personally identifying information other than as described below. And visitors can always refuse to supply personally identifiable information, with the caveat that it may prevent them from engaging in certain website-related activities.<\/p>\n\n<div style=\"height:40px\" aria-hidden=\"true\" class=\"wp-block-spacer\"><\/div>\n\n<h4 class=\"wp-block-heading\">Aggregated Statistics<\/h4>\n\n<p>Jeruz may collect statistics about the behavior of visitors to its websites. Jeruz may display this information publicly or provide it to others. However, Jeruz does not disclose personally identifiable information other than as described below.<\/p>\n\n<div style=\"height:40px\" aria-hidden=\"true\" class=\"wp-block-spacer\"><\/div>\n\n<h4 class=\"wp-block-heading\">Protection of Certain Personally Identifiable Information<\/h4>\n\n<p>Jeruz discloses potentially personally identifiable and personal Data information only to those of its employees, contractors, and affiliated organizations that (i) need to know that information in order to process it on Jeruz\u2019s behalf or to provide services available at Jeruz\u2019s websites, and (ii) that have agreed not to disclose it to others. Some of those employees, contractors and affiliated organizations may be located outside of your home country; by using Jeruz\u2019s websites, you consent to the transfer of such information to them. Jeruz will not rent or sell potentially personally identifiable and personally identifiable information to anyone. Other than to its employees, contractors, and affiliated organizations, as described above, Jeruz discloses potentially personally identifiable and personally identifiable information only in response to a subpoena, court order or other governmental request, or when Jeruz believes in good faith that disclosure is reasonably necessary to protect the property or rights of Jeruz, third parties or the public at large. If you are a registered user of a Jeruz website and have supplied your email address, Jeruz may occasionally send you an email to tell you about new features, solicit your feedback, or just keep you up to date with what\u2019s going on with Jeruz and our products. If you send us a request (for example via email or via one of our feedback mechanisms), we reserve the right to publish it in order to help us clarify or respond to your request or to help us support other users. Jeruz takes all measures reasonably necessary to protect against the unauthorized access, use, alteration or destruction of potentially personally identifiable information.<\/p>\n\n<div style=\"height:40px\" aria-hidden=\"true\" class=\"wp-block-spacer\"><\/div>\n\n<h4 class=\"wp-block-heading\">Cookies<\/h4>\n\n<p>Ein Cookie ist eine kleine Textdatei, die eine Website auf dem Computer eines Besuchers speichert und die der Browser des Besuchers bei jedem erneuten Besuch an die Website \u00fcbermittelt. Jeruz verwendet Cookies, um Besucher zu identifizieren und deren Nutzung der Jeruz-Website sowie deren Website-Einstellungen zu verfolgen. Besucher von Jeruz, die keine Cookies auf ihrem Computer speichern m\u00f6chten, sollten ihren Browser so einstellen, dass er Cookies ablehnt, bevor sie die Jeruz-Website nutzen. Dies kann jedoch dazu f\u00fchren, dass bestimmte Funktionen der Jeruz-Website ohne Cookies nicht ordnungsgem\u00e4\u00df funktionieren.<\/p>\n\n<div style=\"height:40px\" aria-hidden=\"true\" class=\"wp-block-spacer\"><\/div>\n\n<h4 class=\"wp-block-heading\">Business Transfers<\/h4>\n\n<p>If Jeruz, or substantially all its assets, were acquired, or in the unlikely event that Jeruz goes out of business or enters bankruptcy, user information would be one of the assets that are transferred or acquired by a third party. You acknowledge that such transfers may occur and that any acquirer of Jeruz may continue to use your personal information as set forth in this policy.<\/p>\n\n<div style=\"height:40px\" aria-hidden=\"true\" class=\"wp-block-spacer\"><\/div>\n\n<h4 class=\"wp-block-heading\">Facebook<\/h4>\n\n<p>We have a profile on Facebook. The provider of this service is Facebook Ireland Limited, 4 Grand Canal Square, Grand Canal Harbour, Dublin 2, Irland. According to Facebook, the data collected is also transferred to the USA and other third countries.<br\/>Details can be found in Facebook\u00b4s privacy policy: <a href=\"https:\/\/www.facebook.com\/about\/privacy\/\" target=\"_blank\" rel=\"noreferrer noopener\">https:\/\/www.facebook.com\/about\/privacy\/<\/a><\/p>\n\n<div style=\"height:40px\" aria-hidden=\"true\" class=\"wp-block-spacer\"><\/div>\n\n<h4 class=\"wp-block-heading\">Instagram<\/h4>\n\n<p>We have a profile on Instagram. The provider of this service is Instagram Inc., 1601 Willow Road, Menlo Park, CA, 94025, USA. Details on how they handle your personal data can be found in Instagram\u00b4s privacy policy: <a href=\"https:\/\/help.instagram.com\/519522125107875\" target=\"_blank\" rel=\"noreferrer noopener\">https:\/\/help.instagram.com\/519522125107875<\/a><\/p>\n\n<div style=\"height:40px\" aria-hidden=\"true\" class=\"wp-block-spacer\"><\/div>\n\n<h4 class=\"wp-block-heading\">YouTube<\/h4>\n\n<p>We have a profile on Youtube. The provider of this service is Google Ireland Limited, Gordon House, Barrow Street, Dublin 4, Irland. Details on how they handle your personal data can be found in YouTube\u00b4s privacy policy: <a href=\"https:\/\/policies.google.com\/privacy?hl=de\">https:\/\/policies.google.com<\/a><\/p>\n\n<div style=\"height:40px\" aria-hidden=\"true\" class=\"wp-block-spacer\"><\/div>\n\n<h4 class=\"wp-block-heading\">Pinterest<\/h4>\n\n<p>We have a profile on Pinterest. The provider of this service is Pinterest Europe Ltd. Palmerston House, 2nd FloorFenian Street Dublin 2, Ireland. Details on how they handle your personal data can be found in YouTube\u00b4s privacy policy: <a rel=\"noreferrer noopener\" href=\"https:\/\/policy.pinterest.com\/en\/privacy-policy-2016\" target=\"_blank\">Privacy policy | Pinterest Policy<\/a><\/p>\n\n<div style=\"height:40px\" aria-hidden=\"true\" class=\"wp-block-spacer\"><\/div>\n\n<h4 class=\"wp-block-heading\">Twitter<\/h4>\n\n<p>We have a profile on Twitter. The provider of this service is Twitter Ltd. Details on how they handle your personal data can be found in Twitters\u2019 privacy policy: <a rel=\"noreferrer noopener\" href=\"https:\/\/twitter.com\/en\/privacy\" target=\"_blank\">Privacy Policy (twitter.com)<\/a><\/p>\n\n<div style=\"height:40px\" aria-hidden=\"true\" class=\"wp-block-spacer\"><\/div>\n\n<h4 class=\"wp-block-heading\">Privacy Policy Changes<\/h4>\n\n<p>Although most changes are likely to be minor, Jeruz may change its Privacy Policies from time to time, and in Jeruz\u2019s sole discretion. Jeruz encourages visitors to frequently check this page for any changes to its Privacy Policy. Your continued use of this site after any change in this Privacy Policy will constitute your acceptance of such change.<\/p>\n","protected":false},"excerpt":{"rendered":"<p>Jeruz Bitone Adventures Ltd. (\u201cJeruz\u201d) operates jeruzbitone.com and may operate other websites. It is Jeruz\u2019s policy to respect your privacy regarding any information we may collect while operating our websites. Website Visitors Like most website operators, Jeruz collects non-personally identifiable information of the sort that web browsers and servers typically make available, such as the [&hellip;]<\/p>\n","protected":false},"author":1,"featured_media":0,"parent":0,"menu_order":0,"comment_status":"closed","ping_status":"closed","template":"","meta":{"_joinchat":[],"footnotes":""},"class_list":["post-1002926","page","type-page","status-publish","hentry"],"_links":{"self":[{"href":"https:\/\/jeruzbitone.com\/de\/wp-json\/wp\/v2\/pages\/1002926","targetHints":{"allow":["GET"]}}],"collection":[{"href":"https:\/\/jeruzbitone.com\/de\/wp-json\/wp\/v2\/pages"}],"about":[{"href":"https:\/\/jeruzbitone.com\/de\/wp-json\/wp\/v2\/types\/page"}],"author":[{"embeddable":true,"href":"https:\/\/jeruzbitone.com\/de\/wp-json\/wp\/v2\/users\/1"}],"replies":[{"embeddable":true,"href":"https:\/\/jeruzbitone.com\/de\/wp-json\/wp\/v2\/comments?post=1002926"}],"version-history":[{"count":2,"href":"https:\/\/jeruzbitone.com\/de\/wp-json\/wp\/v2\/pages\/1002926\/revisions"}],"predecessor-version":[{"id":1005660,"href":"https:\/\/jeruzbitone.com\/de\/wp-json\/wp\/v2\/pages\/1002926\/revisions\/1005660"}],"wp:attachment":[{"href":"https:\/\/jeruzbitone.com\/de\/wp-json\/wp\/v2\/media?parent=1002926"}],"curies":[{"name":"wp","href":"https:\/\/api.w.org\/{rel}","templated":true}]}}