{"id":1002938,"date":"2021-08-18T10:19:11","date_gmt":"2021-08-18T07:19:11","guid":{"rendered":"https:\/\/kamperen.qodeinteractive.com\/?page_id=7334"},"modified":"2022-11-08T19:05:36","modified_gmt":"2022-11-08T16:05:36","slug":"agb","status":"publish","type":"page","link":"https:\/\/jeruzbitone.com\/de\/agb\/","title":{"rendered":"AGB"},"content":{"rendered":"\n<h4 class=\"wp-block-heading\">Allgemeine Gesch\u00e4ftsbedingungen von Jeruz Bitone Adventures LTD<\/h4>\n\n\n\n<p>Wir bitten unsere G\u00e4ste, die folgenden Allgemeinen Gesch\u00e4ftsbedingungen sorgf\u00e4ltig zu lesen. Der Inhalt wird in regelm\u00e4\u00dfigen Abst\u00e4nden an eventuell ge\u00e4nderte Rechtsvorschriften angepasst.<\/p>\n\n\n\n<div style=\"height:40px\" aria-hidden=\"true\" class=\"wp-block-spacer\"><\/div>\n\n\n\n<h4 class=\"wp-block-heading\">Allgemein<\/h4>\n\n\n\n<p>Jeruz Bitone Adventures LTD, im Folgenden Jeruz genannt, organisiert Reisen durch Ostafrika. Dazu geh\u00f6ren die Bundesstaaten Uganda, in denen das Unternehmen seinen Sitz hat, sowie Kenia, Tansania und Ruanda.<\/p>\n\n\n\n<p>Jeruz vermittelt auch Dienstleistungen von Drittanbietern, d. H. Reiseanbieter, Freiberufler, Hotel-, Zelt- und G\u00e4stehausunterk\u00fcnfte und andere bevorzugte Vermietungsdienste.<\/p>\n\n\n\n<p>Bitte beachten Sie bei allen Buchungen die Feiertags- und Feiertagsbestimmungen in den jeweiligen Ziell\u00e4ndern.<\/p>\n\n\n\n<p>Wir weisen darauf hin, dass in Afrika die hygienischen Rahmenbedingungen, Servicestandards und Sicherheit oft nicht denen in Ihrem Heimatland entsprechen. Dennoch ist das Reisen in und nach Afrika kein absolutes Risiko.<\/p>\n\n\n\n<div style=\"height:40px\" aria-hidden=\"true\" class=\"wp-block-spacer\"><\/div>\n\n\n\n<h4 class=\"wp-block-heading\">1. Allgemeine Gesch\u00e4ftsbedingungen<\/h4>\n\n\n\n<p>Mit dem Abschluss eines Vertrages, z.B. Reiseanmeldung und\/oder \u00dcbermittlung einer Zahlung\/Anzahlung auf ein Jeruz-Konto, werden die nachfolgenden Bedingungen verbindlich anerkannt. Vertragsbedingungen, die im Folgenden nicht aufgef\u00fchrt oder enthalten sind, m\u00fcssen schriftlich festgelegt und jedem Vertragspartner ausgeh\u00e4ndigt werden. \u00c4nderungen oder Unwirksamkeiten einer oder mehrerer Vertragsbedingungen f\u00fchren nicht automatisch zur vollst\u00e4ndigen Unwirksamkeit des gesamten Vertrages. Jeruz beh\u00e4lt sich das Recht vor, \u00c4nderungen am Reiseprogramm kostenlos vorzunehmen.<\/p>\n\n\n\n<div style=\"height:40px\" aria-hidden=\"true\" class=\"wp-block-spacer\"><\/div>\n\n\n\n<h4 class=\"wp-block-heading\">\n            <strong>2. Gerichtsstand<\/strong>\n          <\/h4>\n\n\n\n<p>Jeruz hat seinen Hauptsitz in Seeta, Uganda und unterliegt daher ausschlie\u00dflich der Gesetzgebung der Republik Uganda. Da Jeruz auch Reisen von anderen Reiseanbietern sowie Hotels, Zelten und G\u00e4stehausunterk\u00fcnften arrangiert, gelten in solchen F\u00e4llen deren Bedingungen.<\/p>\n\n\n\n<div style=\"height:40px\" aria-hidden=\"true\" class=\"wp-block-spacer\"><\/div>\n\n\n\n<h4 class=\"wp-block-heading\">\n            <strong>3. Buchung und Zahlung<\/strong>\n          <\/h4>\n\n\n\n<p>Buchungen k\u00f6nnen per E-Mail oder telefonisch vorgenommen werden. Buchungen basieren auf spezifischen Informationen \u00fcber das gew\u00fcnschte Reiseziel und die Person, die als Reisender gilt, Vollst\u00e4ndige g\u00fcltige Angaben sind erforderlich, wie aus dem Reiseanmeldeformular und den Dokumenten hervorgeht.<\/p>\n\n\n\n<p>Jeruz st\u00fctzt alle Reise- und Preisbestimmungen auf die Rechtm\u00e4\u00dfigkeit der Informationen. Im Falle von Komplikationen, die sich aus Abweichungen oder falschen Angaben ergeben, lehnt Jeruz jegliche Garantie oder Haftung ab.<\/p>\n\n\n\n<p>Mit der Buchung geht der Reisende ein Vertragsverh\u00e4ltnis mit Jeruz ein und es wird f\u00fcr jede gebuchte Reise je nach Art der Reise eine Anzahlung von 250-450 Euro f\u00e4llig, diese kann durch die Dauer oder die Gesamtkosten der Reise bestimmt werden. Die Anzahlung ist unverz\u00fcglich, sp\u00e4testens innerhalb von 5 Werktagen, zu leisten, um die Verf\u00fcgbarkeit der gew\u00fcnschten Reisen zum gebuchten Termin sicherzustellen. Nach Zahlungseingang wird die Buchung (Reisevertrag) von Jeruz schriftlich best\u00e4tigt. Der Gesamtpreis der Reise muss sp\u00e4testens 90 Tage vor Reisebeginn bezahlt werden.<\/p>\n\n\n\n<p>\n            <strong>In besonderen F\u00e4llen ist der gesamte Reisepreis sofort f\u00e4llig. Dies gilt f\u00fcr:<\/strong>\n          <\/p>\n\n\n\n<ol class=\"wp-block-list\">\n<li>Reisen in der Hochsaison (01. Juni bis 30. August + 01. Dezember bis 30. Januar).<\/li>\n\n\n\n<li>Reine Gorilla-Tracking-Trips.<\/li>\n\n\n\n<li>F\u00fcr Buchungen, die weniger als 90 Tage vor Reiseantritt get\u00e4tigt werden.<\/li>\n<\/ol>\n\n\n\n<p>Nach Eingang der vollst\u00e4ndigen Zahlung erh\u00e4lt der Vertragspartner eine schriftliche Best\u00e4tigung des Zahlungseingangs. Erfolgt die Zahlung des vollen Reisepreises nicht innerhalb der angegebenen Frist, beh\u00e4lt sich Jeruz das Recht vor, vom Vertrag zur\u00fcckzutreten und Stornokosten zu verlangen.<\/p>\n\n\n\n<div style=\"height:40px\" aria-hidden=\"true\" class=\"wp-block-spacer\"><\/div>\n\n\n\n<h4 class=\"wp-block-heading\">\n            <strong>4. R\u00fcckerstattung<\/strong>\n          <\/h4>\n\n\n\n<p>Wenn die Reise nicht vertragsgem\u00e4\u00df durchgef\u00fchrt wurde, hat der Reisende Anspruch auf eine R\u00fcckerstattung. Der Anspruch darf jedoch nicht unverh\u00e4ltnism\u00e4\u00dfig sein, andernfalls hat Jeruz das Recht, dies abzulehnen. Eine Ablehnung liegt auch dann vor, wenn der Reisende es vers\u00e4umt hat, den Mangel w\u00e4hrend der Reise zu melden und Jeruz daher keine Gelegenheit gegeben hat, ihn innerhalb einer angemessenen Frist zu beheben.<\/p>\n\n\n\n<p>Die R\u00fcckerstattung von Anzahlungen und vollst\u00e4ndigen Zahlungen f\u00fcr gebuchte Gorilla-Touren ist aufgrund der Anforderungen der Uganda Wildlife Authority (UWA) nicht m\u00f6glich. Es ist jedoch m\u00f6glich, Touren bis zu 7 Tage vor Reisebeginn auf Dritte zu \u00fcbertragen. Der Dritte kann nur von der Person benannt werden, die von der Reise zur\u00fccktritt.<\/p>\n\n\n\n<div style=\"height:40px\" aria-hidden=\"true\" class=\"wp-block-spacer\"><\/div>\n\n\n\n<h4 class=\"wp-block-heading\">\n            <strong>5. Preise<\/strong>\n          <\/h4>\n\n\n\n<p>Die Preise von Jeruz beinhalten die im Reiseangebot aufgef\u00fchrten Leistungen inklusive Kosten f\u00fcr Treibstoff, Steuern, Personal-, B\u00fcro- und Verwaltungskosten sowie Fremdkosten.<\/p>\n\n\n\n<p>Jeruz beh\u00e4lt sich das Recht vor, in Ausnahmef\u00e4llen den im Vertrag festgelegten Reisepreis aufgrund besonderer Umst\u00e4nde zu erh\u00f6hen. Diese besonderen Umst\u00e4nde sind gegeben, wenn der Kraftstoffpreis um mehr als 7% steigt, wenn die Wechselkurse um mehr als 5% schwanken, wenn es Hinweise auf erh\u00f6hte offizielle Geb\u00fchren und Steuern gibt, wenn der Preis f\u00fcr Gorilla- und Schimpansentouren und Hotel- \/ \u00dcbernachtungskosten um mehr als 5 % steigen.<\/p>\n\n\n\n<p>Der Reisepreis erh\u00f6ht sich nur um die Erh\u00f6hung der oben genannten Faktoren und der Reiseteilnehmer ist unverz\u00fcglich, sp\u00e4testens jedoch 3 Wochen vor Reisebeginn zu informieren. Erh\u00f6ht sich der Gesamtreisepreis um mehr als 10%, hat der Reisende das Recht, vom Vertrag zur\u00fcckzutreten und nach den unten aufgelisteten Prozents\u00e4tze sein Geld erstattet zu bekommen. Er hat auch das Recht auf ein Angebot f\u00fcr eine gleichwertige Alternativreise.<\/p>\n\n\n\n<div style=\"height:40px\" aria-hidden=\"true\" class=\"wp-block-spacer\"><\/div>\n\n\n\n<h4 class=\"wp-block-heading\">\n            <strong>6. R\u00fccktritt<\/strong>\n          <\/h4>\n\n\n\n<p>Jeruz kann vom Vertrag zur\u00fccktreten, wenn:<\/p>\n\n\n\n<ul class=\"wp-block-list\">\n<li>ein. h\u00f6here Gewalt, wie b. Naturkatastrophen, Gerichtsbeschl\u00fcsse, Terrorismus, Streiks, Probleme aufgrund von Wetterbedingungen, Krankheitsausbr\u00fcche, Pandemien, Krieg oder \u00e4hnliche nat\u00fcrliche katastrophale Bedingungen, die keine Reise zulassen,<\/li>\n<\/ul>\n\n\n\n<ul class=\"wp-block-list\">\n<li>b. eine ausgeschriebene Mindestanzahl an Mitreisenden wird nicht erreicht.<\/li>\n<\/ul>\n\n\n\n<p>In diesen F\u00e4llen wird dem Passagier eine alternative Reise angeboten oder der volle Preis wird zur\u00fcckerstattet.  <br>Im Falle einer Vertragsbeendigung aufgrund falscher oder unvollst\u00e4ndiger personenbezogener Daten des Reisenden oder wenn Zahlungen nicht vollst\u00e4ndig oder innerhalb der angegebenen Fristen geleistet wurden, erfolgt keine R\u00fcckerstattung oder eine R\u00fcckerstattung nach Abzug einer angemessenen Aufwandsentsch\u00e4digung.<\/p>\n\n\n\n<p><strong>Eine K\u00fcndigung<\/strong> des Vertragsverh\u00e4ltnisses durch den Reisegast ist jederzeit vor Reisebeginn m\u00f6glich. Die K\u00fcndigung bedarf der Schriftform, wobei sich die Frist ab Zugang der K\u00fcndigung bei Jeruz berechnet. In diesem Fall kann Jeruz vor der Abreise eine angemessene Entsch\u00e4digung verlangen.<\/p>\n\n\n\n<p>\n            <strong>Es gelten folgende Prozents\u00e4tze des Gesamtreisepreises pro Person:<\/strong>\n          <\/p>\n\n\n\n<ol class=\"wp-block-list\">\n<li>Stornierung bis 60 Tage vor Reiseantritt 20%<\/li>\n\n\n\n<li>Stornierung 59 bis 50 Tage vor Reiseantritt 30%<\/li>\n\n\n\n<li>Stornierung 49 bis 40 Tage vor Reiseantritt 50%<\/li>\n\n\n\n<li>Stornierung 39 bis 30 Tage vor Reiseantritt 70%<\/li>\n\n\n\n<li>Stornierung 29 bis 20 Tage vor Reiseantritt 80%<\/li>\n\n\n\n<li>Stornierung 19 bis 10 Tage vor Reiseantritt 90%<\/li>\n\n\n\n<li>Stornierung 9 bis 0 Tage vor Reiseantritt (no show) 100%<\/li>\n<\/ol>\n\n\n\n<p>Die get\u00e4tigte Anzahlung ist nicht erstattungsf\u00e4hig.<\/p>\n\n\n\n<p>Jeruz bietet dem stornierenden Reisenden die M\u00f6glichkeit, anstelle von sich selbst einen Dritten in das Vertragsverh\u00e4ltnis einzubeziehen (Umbuchung). Eventuell anfallende Mehrkosten sind vom Reisenden bzw. der neu zu bringenden Person zu tragen. Bis zum Abschluss des Vertrages mit der dritten Person haftet der Reisende gesamtschuldnerisch. Jeruz beh\u00e4lt sich ausdr\u00fccklich das Recht vor, den Dritten aus Gr\u00fcnden der Sicherheit, der Einhaltung von Gesetzen und beh\u00f6rdlichen Anordnungen abzulehnen. Im Falle einer Umbuchung wird eine Pauschale von 50 \u20ac oder 45 \u20ac berechnet. Dem Reisenden wird empfohlen, vor Reiseantritt eine Reiser\u00fccktrittsversicherung abzuschlie\u00dfen, um eventuell anfallende Stornokosten zu decken.<\/p>\n\n\n\n<div style=\"height:40px\" aria-hidden=\"true\" class=\"wp-block-spacer\"><\/div>\n\n\n\n<h4 class=\"wp-block-heading\">\n            <strong>7. Haftung<\/strong>\n          <\/h4>\n\n\n\n<p>Haftungsanspr\u00fcche gegen Jeruz unterliegen einer Frist von 30 Tagen nach Ende der Reise, wobei hier das nachweisbare Datum des Eingangs des schriftlichen Dokuments bei Jeruz gilt. Nach Ablauf der Frist kann der Reisende Anspr\u00fcche nur geltend machen, wenn er nachweislich an der rechtzeitigen Geltendmachung gehindert war. Am Ende eines vollen Kalenderjahres gilt der Anspruch als verj\u00e4hrt, wobei die Verj\u00e4hrung nach Ablauf des letzten Reisetages beginnt.<\/p>\n\n\n\n<p>\n            <strong>Jeruz haftet gegen\u00fcber dem Reisenden f\u00fcr:<\/strong>\n          <\/p>\n\n\n\n<ol class=\"wp-block-list\">\n<li>gewissenhafte und professionelle Planung und Vorbereitung der Reise entsprechend dem Reiseprogramm<\/li>\n\n\n\n<li>die Umsetzung aller im Angebot aufgef\u00fchrten Leistungen<\/li>\n\n\n\n<li>die normgerechte, sorgf\u00e4ltige Auswahl und \u00dcberpr\u00fcfung von Diensten und Diensten Dritter<\/li>\n\n\n\n<li>die Vollst\u00e4ndigkeit, Sicherheit und Funktionalit\u00e4t der bereitzustellenden Ausr\u00fcstung.<\/li>\n<\/ol>\n\n\n\n<div style=\"height:40px\" aria-hidden=\"true\" class=\"wp-block-spacer\"><\/div>\n\n\n\n<h4 class=\"wp-block-heading\">\n            <strong>8. Haftungsbeschr\u00e4nkungen<\/strong>\n          <\/h4>\n\n\n\n<p>Die Haftungssumme ist im Schadensfall auf die Summe des gesamten Reisepreises begrenzt. Personensch\u00e4den sind nicht enthalten. Gegen\u00fcber Jeruz besteht eine Haftungsbeschr\u00e4nkung:<\/p>\n\n\n\n<ol class=\"wp-block-list\">\n<li>wenn Jeruz nur Vermittler von Dienstleistungen Dritter ist &#8211; einschlie\u00dflich Flugunternehmen<\/li>\n\n\n\n<li>bei Unf\u00e4llen\/Todesf\u00e4llen im Rahmen sportlicher Aktivit\u00e4ten wie Bergsteigen, Biken, Motorradfahren, Tauchen, Rafting, Tracking etc., gem\u00e4\u00df Reiseprogramm, sowie aller nicht im Reisevertrag enthaltenen Aktivit\u00e4ten<\/li>\n\n\n\n<li>der Reisende einen Schaden erleidet, der weder vors\u00e4tzlich noch grob fahrl\u00e4ssig verursacht wurde.<\/li>\n<\/ol>\n\n\n\n<div style=\"height:40px\" aria-hidden=\"true\" class=\"wp-block-spacer\"><\/div>\n\n\n\n<p>Stand: 31.02.2022<\/p>\n\n\n\n<p>Reiseveranstalter:<br>Jeruz Bitone Adventures Ltd.<br>Grundst\u00fcck 815 Lumuli, Seeta<br>Mukono, Uganda<br><\/p>\n\n\n\n<p>Telefon: +49 (0) 177 2804024<br>info@jeruzbitone.com<br>Direktor: Galiwango und Eicker Josia Aaron<\/p>\n\n\n\n<p>Gr\u00fcndungsurkunde <strong>Nr. 80020002717591<\/strong> ,<br>Handelslizenz Nr. <strong>GLBLR22000005805<\/strong> Instrument <strong>106-6 2011, 101 &#8211; 31.12.1969<\/strong><\/p>\n\n\n\n<p>www.jeruzbitone.com<\/p>\n","protected":false},"excerpt":{"rendered":"<p>Allgemeine Gesch\u00e4ftsbedingungen von Jeruz Bitone Adventures LTD Wir bitten unsere G\u00e4ste, die folgenden Allgemeinen Gesch\u00e4ftsbedingungen sorgf\u00e4ltig zu lesen. Der Inhalt wird in regelm\u00e4\u00dfigen Abst\u00e4nden an eventuell ge\u00e4nderte Rechtsvorschriften angepasst. Allgemein Jeruz Bitone Adventures LTD, im Folgenden Jeruz genannt, organisiert Reisen durch Ostafrika. Dazu geh\u00f6ren die Bundesstaaten Uganda, in denen das Unternehmen seinen Sitz hat, sowie [&hellip;]<\/p>\n","protected":false},"author":1,"featured_media":1003114,"parent":0,"menu_order":0,"comment_status":"closed","ping_status":"closed","template":"","meta":{"_joinchat":{"telephone":"+4917653355058"},"footnotes":""},"class_list":["post-1002938","page","type-page","status-publish","has-post-thumbnail","hentry"],"_links":{"self":[{"href":"https:\/\/jeruzbitone.com\/de\/wp-json\/wp\/v2\/pages\/1002938","targetHints":{"allow":["GET"]}}],"collection":[{"href":"https:\/\/jeruzbitone.com\/de\/wp-json\/wp\/v2\/pages"}],"about":[{"href":"https:\/\/jeruzbitone.com\/de\/wp-json\/wp\/v2\/types\/page"}],"author":[{"embeddable":true,"href":"https:\/\/jeruzbitone.com\/de\/wp-json\/wp\/v2\/users\/1"}],"replies":[{"embeddable":true,"href":"https:\/\/jeruzbitone.com\/de\/wp-json\/wp\/v2\/comments?post=1002938"}],"version-history":[{"count":0,"href":"https:\/\/jeruzbitone.com\/de\/wp-json\/wp\/v2\/pages\/1002938\/revisions"}],"wp:featuredmedia":[{"embeddable":true,"href":"https:\/\/jeruzbitone.com\/de\/wp-json\/wp\/v2\/media\/1003114"}],"wp:attachment":[{"href":"https:\/\/jeruzbitone.com\/de\/wp-json\/wp\/v2\/media?parent=1002938"}],"curies":[{"name":"wp","href":"https:\/\/api.w.org\/{rel}","templated":true}]}}